{"id":8682,"date":"2025-12-12T08:30:34","date_gmt":"2025-12-12T07:30:34","guid":{"rendered":"https:\/\/web-pre.onsedi.com\/politica-de-cookies\/"},"modified":"2026-04-24T09:09:36","modified_gmt":"2026-04-24T07:09:36","slug":"politica-de-cookies","status":"publish","type":"page","link":"https:\/\/onsedi.com\/ca\/politica-de-cookies\/","title":{"rendered":"Pol\u00edtica de Cookies"},"content":{"rendered":"\t\t<div data-elementor-type=\"wp-page\" data-elementor-id=\"8682\" class=\"elementor elementor-8682 elementor-4909\">\n\t\t\t\t<div class=\"elementor-element elementor-element-86ecb27 e-flex e-con-boxed e-con e-parent\" data-id=\"86ecb27\" data-element_type=\"container\">\n\t\t\t\t\t<div class=\"e-con-inner\">\n\t\t\t\t<div class=\"elementor-element elementor-element-31e3fb6 elementor-widget elementor-widget-spacer\" data-id=\"31e3fb6\" data-element_type=\"widget\" data-widget_type=\"spacer.default\">\n\t\t\t\t\t\t\t<div class=\"elementor-spacer\">\n\t\t\t<div class=\"elementor-spacer-inner\"><\/div>\n\t\t<\/div>\n\t\t\t\t\t\t<\/div>\n\t\t\t\t<div class=\"elementor-element elementor-element-d19ef6c elementor-widget elementor-widget-text-editor\" data-id=\"d19ef6c\" data-element_type=\"widget\" data-widget_type=\"text-editor.default\">\n\t\t\t\t\t\t\t\t\t<p>ONSEDI SOLUCIONES, SLU (ONSEDI), amb CIF B65670861, utilitza galetes pr\u00f2pies i de tercers per oferir-te una millor experi\u00e8ncia de navegaci\u00f3 que s&#8217;ajusti a les teves necessitats, aix\u00ed com per protegir i millorar el lloc web.<\/p><p>Llegeix atentament aquesta pol\u00edtica de galetes per informar-te sobre l&#8217;\u00fas responsable que ONSEDI en fa i sobre les opcions que tens per configurar el teu navegador i gestionar-les.<\/p><p>Si bloqueges l&#8217;\u00fas de galetes al teu navegador, \u00e9s possible que alguns continguts o funcionalitats del lloc web no es mostrin correctament.<\/p><h3>A. Qu\u00e8 \u00e9s una galeta?<\/h3><p>Una <em>cookie<\/em>, galeta o galeta inform\u00e0tica \u00e9s un petit arxiu de text que els llocs web envien al navegador i que s&#8217;emmagatzemen al terminal de l&#8217;usuari, que pot ser un ordinador personal, un tel\u00e8fon m\u00f2bil, una tauleta, etc. Aquests fitxers permeten que el lloc web recordi informaci\u00f3 que pot facilitar la teva pr\u00f2xima visita, com ara l&#8217;idioma i les opcions preferides, i fer que el lloc resulti m\u00e9s \u00fatil en personalitzar-ne el contingut. Les galetes contribueixen a millorar l&#8217;experi\u00e8ncia d&#8217;\u00fas del web.<\/p><h3>B. Quins s\u00f3n els tipus de galetes utilitzades?<\/h3><p>Per regla general, hi ha els tipus seg\u00fcents de galetes:<\/p><p><b><u>En funci\u00f3 de la seva caducitat:<\/u><\/b><\/p><p>\u2022 <b>Sessi\u00f3:<\/b> s\u00f3n dissenyades per demanar i desar dades mentre l&#8217;usuari navega pel lloc web. Se solen fer servir per desar informaci\u00f3 que nom\u00e9s interessa conservar per prestar el servei sol\u00b7licitat per l&#8217;usuari una sola vegada (per exemple, una llista de productes adquirits), i desapareixen en acabar la sessi\u00f3.<\/p><p><strong>\u2022 Persistents<\/strong><b>:<\/b> s\u00f3n galetes en qu\u00e8 les dades continuen desades al terminal i el responsable de la galeta les pot consultar i tractar durant un per\u00edode definit, que pot anar d&#8217;uns minuts a diversos anys.<\/p><p><b style=\"background-color: rgba(0, 0, 0, 0);\"><u>En funci\u00f3 de la proced\u00e8ncia:<\/u><\/b><\/p><p><b>\u2022 Pr\u00f2pies:<\/b> s\u00f3n les que s&#8217;envien a l&#8217;equip terminal de l&#8217;usuari des d&#8217;un equip o domini gestionat pel mateix editor i des del qual es presta el servei sol\u00b7licitat per l&#8217;usuari.<\/p><p><strong>\u2022 De tercers<\/strong><b>:<\/b> s\u00f3n les que s&#8217;envien a l&#8217;equip terminal de l&#8217;usuari des d&#8217;un equip o domini que no \u00e9s gestionat per l&#8217;editor, sin\u00f3 per una altra entitat que tracta les dades obtingudes per mitj\u00e0 de les galetes.<\/p><p><b><u>En funci\u00f3 de la seva finalitat:<\/u><\/b><\/p><p>\u2022 <strong>Galetes t\u00e8cniques o necess\u00e0ries:<\/strong> s\u00f3n les que permeten a l&#8217;usuari navegar pel lloc web i fer servir les opcions o serveis que hi pot trobar. Per exemple, controlar el tr\u00e0nsit i la comunicaci\u00f3 de dades, identificar la sessi\u00f3, accedir a les parts web d&#8217;acc\u00e9s restringit, recordar els elements que integren una comanda, fer la sol\u00b7licitud d&#8217;inscripci\u00f3 o participaci\u00f3 en un esdeveniment, usar elements de seguretat durant la navegaci\u00f3 i desar continguts per a la difusi\u00f3 de v\u00eddeos o so.<\/p><p>\u2022 <strong>Galetes de prefer\u00e8ncies o personalitzaci\u00f3:<\/strong> s\u00f3n galetes que permeten a l&#8217;usuari fer servir el servei amb algunes caracter\u00edstiques generals predefinides al seu terminal o que el mateix usuari defineixi. Per exemple, la llengua, el tipus de navegador amb qu\u00e8 usa el servei, el disseny de continguts seleccionat, la geolocalitzaci\u00f3 del terminal i la configuraci\u00f3 regional amb qu\u00e8 fa servir el servei.<\/p><p>\u2022 <strong>Galetes d&#8217;an\u00e0lisi o mesura:<\/strong> s\u00f3n les que permeten seguir i analitzar el comportament dels usuaris als llocs web. La informaci\u00f3 que s&#8217;obt\u00e9 mitjan\u00e7ant aquest tipus de galetes s&#8217;usa per mesurar l&#8217;activitat dels llocs web, de l&#8217;aplicaci\u00f3 o de la plataforma i per elaborar perfils de navegaci\u00f3 dels usuaris d&#8217;aquests llocs, a fi de millorar el servei d&#8217;acord amb les dades d&#8217;\u00fas que fan dels usuaris.<\/p><p><strong>\u2022 Galetes de publicitat comportamental:<\/strong> permeten gestionar, de la manera m\u00e9s efica\u00e7 possible, els espais publicitaris que, si escau, l&#8217;editor hagi incl\u00f2s en un lloc web, aplicaci\u00f3 o plataforma des de la qual presta el servei sol\u00b7licitat. Aquestes galetes desen informaci\u00f3 del comportament dels usuaris obtinguda per mitj\u00e0 de l&#8217;observaci\u00f3 continuada dels seus h\u00e0bits de navegaci\u00f3, fet que permet desenvolupar un perfil espec\u00edfic per mostrar publicitat que s&#8217;hi adapti.<\/p><p><span style=\"color: #1a1f2b; font-family: Inter, sans-serif; font-size: 22px; font-weight: bold; background-color: rgba(0, 0, 0, 0);\">C. Com puc consentir i administrar les galetes?<\/span><\/p><p>Quan visitis el nostre web per primera vegada, et mostrarem una finestra emergent amb una explicaci\u00f3 sobre les galetes que s&#8217;hi inclouen, on podr\u00e0s acceptar o rebutjar les galetes o b\u00e9 configurar les teves prefer\u00e8ncies (fent clic a \u201cConfigurar galetes\u201d, podr\u00e0s gestionar el teu consentiment per a les diferents categories de galetes del web).<\/p><p>En tot cas, el panell de configuraci\u00f3 sempre estar\u00e0 disponible durant tota la navegaci\u00f3 a trav\u00e9s d&#8217;un desplegable ubicat al peu del lloc web.<\/p>\t\t\t\t\t\t\t\t<\/div>\n\t\t\t\t<div class=\"elementor-element elementor-element-0d07e5d cookiebot-opener elementor-widget elementor-widget-button\" data-id=\"0d07e5d\" data-element_type=\"widget\" data-widget_type=\"button.default\">\n\t\t\t\t\t\t\t\t\t\t<a class=\"elementor-button elementor-size-sm\" role=\"button\">\n\t\t\t\t\t\t<span class=\"elementor-button-content-wrapper\">\n\t\t\t\t\t\t\t\t\t<span class=\"elementor-button-text\">Gestionar Galetes<\/span>\n\t\t\t\t\t<\/span>\n\t\t\t\t\t<\/a>\n\t\t\t\t\t\t\t\t<\/div>\n\t\t\t\t<div class=\"elementor-element elementor-element-e59bfd1 elementor-widget elementor-widget-text-editor\" data-id=\"e59bfd1\" data-element_type=\"widget\" data-widget_type=\"text-editor.default\">\n\t\t\t\t\t\t\t\t\t<p>Pots desactivar l&#8217;\u00fas de galetes a trav\u00e9s del teu navegador, per\u00f2, si us plau, tingues en compte que el nostre lloc web pot deixar de funcionar correctament.<\/p><h3>D. Quines galetes utilitzem?<\/h3>\t\t\t\t\t\t\t\t<\/div>\n\t\t\t\t<div class=\"elementor-element elementor-element-2d46c87 elementor-widget elementor-widget-shortcode\" data-id=\"2d46c87\" data-element_type=\"widget\" data-widget_type=\"shortcode.default\">\n\t\t\t\t\t\t\t<div class=\"elementor-shortcode\">\t<script\n\t\tid=\"CookieDeclaration\"\n\t\tdata-culture=\"ca\"\n\t\tsrc=\"https:\/\/consent.cookiebot.com\/289a9fbe-e16c-4441-b850-baeea7e64a20\/cd.js\"\n\t\ttype=\"text\/javascript\"\n\t\tasync>\n\t<\/script>\n\t<\/div>\n\t\t\t\t\t\t<\/div>\n\t\t\t\t<div class=\"elementor-element elementor-element-76342d5 elementor-widget elementor-widget-text-editor\" data-id=\"76342d5\" data-element_type=\"widget\" data-widget_type=\"text-editor.default\">\n\t\t\t\t\t\t\t\t\t<h3>E. Es poden produir transfer\u00e8ncies internacionals?<\/h3><p>Algunes funcions d&#8217;aquest lloc web confien en els serveis oferts per prove\u00efdors tercers. Aquests tercers poden recopilar les teves dades a trav\u00e9s de les seves galetes per als fins indicats a la seva pr\u00f2pia pol\u00edtica de privadesa. Les galetes utilitzades per aquests tercers poden implicar transfer\u00e8ncies de dades a altres pa\u00efsos:<\/p><table><tbody><tr><td><span style=\"font-weight: 400;\">Cookie tercers<\/span><\/td><td><span style=\"font-weight: 400;\">Ubicaci\u00f3<\/span><\/td><td><span style=\"font-weight: 400;\">Pol\u00edtica de privacitat\u00a0<\/span><\/td><\/tr><tr><td><span style=\"font-weight: 400;\">Google<\/span><\/td><td><span style=\"font-weight: 400;\">EUA<\/span><\/td><td><span style=\"font-weight: 400;\">https:\/\/policies.google.com\/technologies\/cookies?hl=es<\/span><\/td><\/tr><\/tbody><\/table><h3>F. Com exerceixo els meus drets?<\/h3><p>En qualsevol moment, pots exercir el dret d&#8217;acc\u00e9s, rectificaci\u00f3, oposici\u00f3, supressi\u00f3, limitaci\u00f3 i portabilitat de les teves dades personals, d&#8217;acord amb la llei, a trav\u00e9s de: <a href=\"mailto:protecciondatos@onsedi.com\">protecciondatos@onsedi.com <\/a><\/p><p>La retirada del consentiment per a l&#8217;\u00fas de galetes no implica efectes retroactius.<\/p><p>Per a m\u00e9s informaci\u00f3 sobre l&#8217;exercici dels teus drets, consulta <a href=\"https:\/\/onsedi.com\/ca\/politica-de-privacitat\/\">Pol\u00edtica de Privacitat<\/a><\/p><p>\u00daltima actualizaci\u00f3: mar\u00e7 de 2026\u00a0<\/p>\t\t\t\t\t\t\t\t<\/div>\n\t\t\t\t<div class=\"elementor-element elementor-element-8db0fa2 elementor-widget elementor-widget-spacer\" data-id=\"8db0fa2\" data-element_type=\"widget\" data-widget_type=\"spacer.default\">\n\t\t\t\t\t\t\t<div class=\"elementor-spacer\">\n\t\t\t<div class=\"elementor-spacer-inner\"><\/div>\n\t\t<\/div>\n\t\t\t\t\t\t<\/div>\n\t\t\t\t\t<\/div>\n\t\t\t\t<\/div>\n\t\t\t\t<\/div>\n\t\t","protected":false},"excerpt":{"rendered":"<p>ONSEDI SOLUCIONES, SLU (ONSEDI), amb CIF B65670861, utilitza galetes pr\u00f2pies i de tercers per oferir-te una millor experi\u00e8ncia de navegaci\u00f3 que s&#8217;ajusti a les teves necessitats, aix\u00ed com per protegir i millorar el lloc web. Llegeix atentament aquesta pol\u00edtica de galetes per informar-te sobre l&#8217;\u00fas responsable que ONSEDI en fa i sobre les opcions que&#8230;<\/p>\n","protected":false},"author":2,"featured_media":0,"parent":0,"menu_order":0,"comment_status":"closed","ping_status":"closed","template":"","meta":{"_kad_post_transparent":"","_kad_post_title":"default","_kad_post_layout":"default","_kad_post_sidebar_id":"","_kad_post_content_style":"default","_kad_post_vertical_padding":"default","_kad_post_feature":"default","_kad_post_feature_position":"","_kad_post_header":false,"_kad_post_footer":false,"_kad_post_classname":"","footnotes":""},"class_list":["post-8682","page","type-page","status-publish","hentry"],"yoast_head":"<!-- This site is optimized with the Yoast SEO plugin v26.5 - https:\/\/yoast.com\/wordpress\/plugins\/seo\/ -->\n<title>Pol\u00edtica de Cookies - onSedi<\/title>\n<meta name=\"robots\" content=\"noindex, nofollow\" \/>\n<meta property=\"og:locale\" content=\"ca_ES\" \/>\n<meta property=\"og:type\" content=\"article\" \/>\n<meta property=\"og:title\" content=\"Pol\u00edtica de Cookies - onSedi\" \/>\n<meta property=\"og:description\" content=\"ONSEDI SOLUCIONES, SLU (ONSEDI), amb CIF B65670861, utilitza galetes pr\u00f2pies i de tercers per oferir-te una millor experi\u00e8ncia de navegaci\u00f3 que s&#8217;ajusti a les teves necessitats, aix\u00ed com per protegir i millorar el lloc web. Llegeix atentament aquesta pol\u00edtica de galetes per informar-te sobre l&#8217;\u00fas responsable que ONSEDI en fa i sobre les opcions que...\" \/>\n<meta property=\"og:url\" content=\"https:\/\/onsedi.com\/politica-de-cookies\/\" \/>\n<meta property=\"og:site_name\" content=\"onSedi\" \/>\n<meta property=\"article:modified_time\" content=\"2026-04-24T07:09:36+00:00\" \/>\n<meta name=\"twitter:card\" content=\"summary_large_image\" \/>\n<meta name=\"twitter:label1\" content=\"Temps estimat de lectura\" \/>\n\t<meta name=\"twitter:data1\" content=\"10 minuts\" \/>\n<script type=\"application\/ld+json\" class=\"yoast-schema-graph\">{\"@context\":\"https:\/\/schema.org\",\"@graph\":[{\"@type\":\"WebPage\",\"@id\":\"https:\/\/onsedi.com\/politica-de-cookies\/\",\"url\":\"https:\/\/onsedi.com\/politica-de-cookies\/\",\"name\":\"Pol\u00edtica de Cookies - onSedi\",\"isPartOf\":{\"@id\":\"https:\/\/onsedi.com\/#website\"},\"datePublished\":\"2025-12-12T07:30:34+00:00\",\"dateModified\":\"2026-04-24T07:09:36+00:00\",\"breadcrumb\":{\"@id\":\"https:\/\/onsedi.com\/politica-de-cookies\/#breadcrumb\"},\"inLanguage\":\"ca\",\"potentialAction\":[{\"@type\":\"ReadAction\",\"target\":[\"https:\/\/onsedi.com\/politica-de-cookies\/\"]}]},{\"@type\":\"BreadcrumbList\",\"@id\":\"https:\/\/onsedi.com\/politica-de-cookies\/#breadcrumb\",\"itemListElement\":[{\"@type\":\"ListItem\",\"position\":1,\"name\":\"Inici\",\"item\":\"https:\/\/onsedi.com\/\"},{\"@type\":\"ListItem\",\"position\":2,\"name\":\"Pol\u00edtica de Cookies\"}]},{\"@type\":\"WebSite\",\"@id\":\"https:\/\/onsedi.com\/#website\",\"url\":\"https:\/\/onsedi.com\/\",\"name\":\"onSedi\",\"description\":\"\",\"publisher\":{\"@id\":\"https:\/\/onsedi.com\/#organization\"},\"potentialAction\":[{\"@type\":\"SearchAction\",\"target\":{\"@type\":\"EntryPoint\",\"urlTemplate\":\"https:\/\/onsedi.com\/?s={search_term_string}\"},\"query-input\":{\"@type\":\"PropertyValueSpecification\",\"valueRequired\":true,\"valueName\":\"search_term_string\"}}],\"inLanguage\":\"ca\"},{\"@type\":\"Organization\",\"@id\":\"https:\/\/onsedi.com\/#organization\",\"name\":\"onSedi\",\"url\":\"https:\/\/onsedi.com\/\",\"logo\":{\"@type\":\"ImageObject\",\"inLanguage\":\"ca\",\"@id\":\"https:\/\/onsedi.com\/#\/schema\/logo\/image\/\",\"url\":\"https:\/\/onsedi.com\/wp-content\/uploads\/2025\/12\/onsedi-logo.png\",\"contentUrl\":\"https:\/\/onsedi.com\/wp-content\/uploads\/2025\/12\/onsedi-logo.png\",\"width\":663,\"height\":190,\"caption\":\"onSedi\"},\"image\":{\"@id\":\"https:\/\/onsedi.com\/#\/schema\/logo\/image\/\"}}]}<\/script>\n<!-- \/ Yoast SEO plugin. -->","yoast_head_json":{"title":"Pol\u00edtica de Cookies - onSedi","robots":{"index":"noindex","follow":"nofollow"},"og_locale":"ca_ES","og_type":"article","og_title":"Pol\u00edtica de Cookies - onSedi","og_description":"ONSEDI SOLUCIONES, SLU (ONSEDI), amb CIF B65670861, utilitza galetes pr\u00f2pies i de tercers per oferir-te una millor experi\u00e8ncia de navegaci\u00f3 que s&#8217;ajusti a les teves necessitats, aix\u00ed com per protegir i millorar el lloc web. Llegeix atentament aquesta pol\u00edtica de galetes per informar-te sobre l&#8217;\u00fas responsable que ONSEDI en fa i sobre les opcions que...","og_url":"https:\/\/onsedi.com\/politica-de-cookies\/","og_site_name":"onSedi","article_modified_time":"2026-04-24T07:09:36+00:00","twitter_card":"summary_large_image","twitter_misc":{"Temps estimat de lectura":"10 minuts"},"schema":{"@context":"https:\/\/schema.org","@graph":[{"@type":"WebPage","@id":"https:\/\/onsedi.com\/politica-de-cookies\/","url":"https:\/\/onsedi.com\/politica-de-cookies\/","name":"Pol\u00edtica de Cookies - onSedi","isPartOf":{"@id":"https:\/\/onsedi.com\/#website"},"datePublished":"2025-12-12T07:30:34+00:00","dateModified":"2026-04-24T07:09:36+00:00","breadcrumb":{"@id":"https:\/\/onsedi.com\/politica-de-cookies\/#breadcrumb"},"inLanguage":"ca","potentialAction":[{"@type":"ReadAction","target":["https:\/\/onsedi.com\/politica-de-cookies\/"]}]},{"@type":"BreadcrumbList","@id":"https:\/\/onsedi.com\/politica-de-cookies\/#breadcrumb","itemListElement":[{"@type":"ListItem","position":1,"name":"Inici","item":"https:\/\/onsedi.com\/"},{"@type":"ListItem","position":2,"name":"Pol\u00edtica de Cookies"}]},{"@type":"WebSite","@id":"https:\/\/onsedi.com\/#website","url":"https:\/\/onsedi.com\/","name":"onSedi","description":"","publisher":{"@id":"https:\/\/onsedi.com\/#organization"},"potentialAction":[{"@type":"SearchAction","target":{"@type":"EntryPoint","urlTemplate":"https:\/\/onsedi.com\/?s={search_term_string}"},"query-input":{"@type":"PropertyValueSpecification","valueRequired":true,"valueName":"search_term_string"}}],"inLanguage":"ca"},{"@type":"Organization","@id":"https:\/\/onsedi.com\/#organization","name":"onSedi","url":"https:\/\/onsedi.com\/","logo":{"@type":"ImageObject","inLanguage":"ca","@id":"https:\/\/onsedi.com\/#\/schema\/logo\/image\/","url":"https:\/\/onsedi.com\/wp-content\/uploads\/2025\/12\/onsedi-logo.png","contentUrl":"https:\/\/onsedi.com\/wp-content\/uploads\/2025\/12\/onsedi-logo.png","width":663,"height":190,"caption":"onSedi"},"image":{"@id":"https:\/\/onsedi.com\/#\/schema\/logo\/image\/"}}]}},"_links":{"self":[{"href":"https:\/\/onsedi.com\/ca\/wp-json\/wp\/v2\/pages\/8682","targetHints":{"allow":["GET"]}}],"collection":[{"href":"https:\/\/onsedi.com\/ca\/wp-json\/wp\/v2\/pages"}],"about":[{"href":"https:\/\/onsedi.com\/ca\/wp-json\/wp\/v2\/types\/page"}],"author":[{"embeddable":true,"href":"https:\/\/onsedi.com\/ca\/wp-json\/wp\/v2\/users\/2"}],"replies":[{"embeddable":true,"href":"https:\/\/onsedi.com\/ca\/wp-json\/wp\/v2\/comments?post=8682"}],"version-history":[{"count":14,"href":"https:\/\/onsedi.com\/ca\/wp-json\/wp\/v2\/pages\/8682\/revisions"}],"predecessor-version":[{"id":9216,"href":"https:\/\/onsedi.com\/ca\/wp-json\/wp\/v2\/pages\/8682\/revisions\/9216"}],"wp:attachment":[{"href":"https:\/\/onsedi.com\/ca\/wp-json\/wp\/v2\/media?parent=8682"}],"curies":[{"name":"wp","href":"https:\/\/api.w.org\/{rel}","templated":true}]}}