{"id":8678,"date":"2025-12-12T08:30:42","date_gmt":"2025-12-12T07:30:42","guid":{"rendered":"https:\/\/web-pre.onsedi.com\/declaracion-accesibilidad\/"},"modified":"2026-05-01T11:48:12","modified_gmt":"2026-05-01T09:48:12","slug":"declaracio-accessibilitat","status":"publish","type":"page","link":"https:\/\/onsedi.com\/ca\/declaracio-accessibilitat\/","title":{"rendered":"Declaraci\u00f3 accessibilitat"},"content":{"rendered":"\t\t<div data-elementor-type=\"wp-page\" data-elementor-id=\"8678\" class=\"elementor elementor-8678 elementor-4910\">\n\t\t\t\t<div class=\"elementor-element elementor-element-9dfce52 legal-content-page e-flex e-con-boxed e-con e-parent\" data-id=\"9dfce52\" data-element_type=\"container\">\n\t\t\t\t\t<div class=\"e-con-inner\">\n\t\t\t\t<div class=\"elementor-element elementor-element-f345313 elementor-widget elementor-widget-spacer\" data-id=\"f345313\" data-element_type=\"widget\" data-widget_type=\"spacer.default\">\n\t\t\t\t\t\t\t<div class=\"elementor-spacer\">\n\t\t\t<div class=\"elementor-spacer-inner\"><\/div>\n\t\t<\/div>\n\t\t\t\t\t\t<\/div>\n\t\t\t\t<div class=\"elementor-element elementor-element-331d463 list-style-logo elementor-widget elementor-widget-text-editor\" data-id=\"331d463\" data-element_type=\"widget\" data-widget_type=\"text-editor.default\">\n\t\t\t\t\t\t\t\t\t<p>La nostra entitat reconeix la import\u00e0ncia que totes les persones, amb independ\u00e8ncia de la seva capacitat, edat o la tecnologia utilitzada, puguin navegar per la nostra p\u00e0gina web.<\/p><p>Per aix\u00f2, hem adoptat criteris per aconseguir una major accessibilitat de la nostra p\u00e0gina web basats en les directrius WCAG\/WAI fixades pel World Wide Web Consortium (W3C), que \u00e9s l\u2019organitzaci\u00f3 de car\u00e0cter supranacional que s\u2019encarrega de la supervisi\u00f3 de les tecnologies i l\u2019adopci\u00f3 dels est\u00e0ndards d\u2019Internet.<\/p><p>En aquest sentit el desenvolupament de la Web s\u2019ha basat en el compliment de les Pautes d\u2019accessibilitat per al Contingut al web de la WCAG 2.1 del W3C-WAI en el seu nivell d\u2019exig\u00e8ncia AA.<\/p><p>Algunes de les funcionalitats implementades als nostres llocs web, sota el domini [mutuarisk.com], per permetre una major accessibilitat als seus continguts, s\u00f3n:<\/p><ul><li>Les caracter\u00edstiques visuals del portal (tipus de lletra, color de font i fons, etc.) es defineixen mitjan\u00e7ant el full d\u2019estils perqu\u00e8 l\u2019usuari pugui ajustar el text a les seves prefer\u00e8ncies.<\/li><li>Les mides de les fonts s\u2019 han definit amb unitats relatives perqu\u00e8 pugui ampliar o disminuir la mida de la font des de les opcions del navegador.<\/li><li>Les p\u00e0gines tenen una estructura clara tant per a l\u2019usuari que pot veure tot el contingut, com per al que llegeix la informaci\u00f3 amb un lector de pantalla, usuaris que desactiven el full d\u2019estils, etc. Sota aquest objectiu, s\u2019han definit mitjan\u00e7ant el codi HTML els encarregats de secci\u00f3, les llistes i tots els elements que ajuden a la comprensi\u00f3 general del lloc web.<\/li><li>El codi HTML i CSS emprat s\u2019 ajusta a les gram\u00e0tiques formals per garantir la correcta visualitzaci\u00f3 dels continguts en diferents navegadors.<\/li><li>Widget d\u2019 accessibilitat personalitzable que permet als usuaris:<ul><li>Augmentar la mida de la font<\/li><li>Invertir colors o canviar a alt contrast<\/li><li>Ressaltar enlla\u00e7os<\/li><li>Activar un bot\u00f3 de \u201cSaltar al contingut\u201d<\/li><\/ul><\/li><\/ul><p>Aquesta declaraci\u00f3 ha estat realitzada el mar\u00e7 de 2026.<\/p>\t\t\t\t\t\t\t\t<\/div>\n\t\t\t\t<div class=\"elementor-element elementor-element-c27176c elementor-widget elementor-widget-spacer\" data-id=\"c27176c\" data-element_type=\"widget\" data-widget_type=\"spacer.default\">\n\t\t\t\t\t\t\t<div class=\"elementor-spacer\">\n\t\t\t<div class=\"elementor-spacer-inner\"><\/div>\n\t\t<\/div>\n\t\t\t\t\t\t<\/div>\n\t\t\t\t\t<\/div>\n\t\t\t\t<\/div>\n\t\t\t\t<\/div>\n\t\t","protected":false},"excerpt":{"rendered":"<p>La nostra entitat reconeix la import\u00e0ncia que totes les persones, amb independ\u00e8ncia de la seva capacitat, edat o la tecnologia utilitzada, puguin navegar per la nostra p\u00e0gina web. Per aix\u00f2, hem adoptat criteris per aconseguir una major accessibilitat de la nostra p\u00e0gina web basats en les directrius WCAG\/WAI fixades pel World Wide Web Consortium (W3C),&#8230;<\/p>\n","protected":false},"author":2,"featured_media":0,"parent":0,"menu_order":0,"comment_status":"closed","ping_status":"closed","template":"","meta":{"_kad_post_transparent":"","_kad_post_title":"default","_kad_post_layout":"default","_kad_post_sidebar_id":"","_kad_post_content_style":"default","_kad_post_vertical_padding":"default","_kad_post_feature":"default","_kad_post_feature_position":"","_kad_post_header":false,"_kad_post_footer":false,"_kad_post_classname":"","footnotes":""},"class_list":["post-8678","page","type-page","status-publish","hentry"],"yoast_head":"<!-- This site is optimized with the Yoast SEO plugin v26.5 - https:\/\/yoast.com\/wordpress\/plugins\/seo\/ -->\n<title>Declaraci\u00f3 accessibilitat - onSedi<\/title>\n<meta name=\"robots\" content=\"index, follow, max-snippet:-1, max-image-preview:large, max-video-preview:-1\" \/>\n<link rel=\"canonical\" href=\"https:\/\/onsedi.com\/declaracion-accesibilidad\/\" \/>\n<meta property=\"og:locale\" content=\"ca_ES\" \/>\n<meta property=\"og:type\" content=\"article\" \/>\n<meta property=\"og:title\" content=\"Declaraci\u00f3 accessibilitat - onSedi\" \/>\n<meta property=\"og:description\" content=\"La nostra entitat reconeix la import\u00e0ncia que totes les persones, amb independ\u00e8ncia de la seva capacitat, edat o la tecnologia utilitzada, puguin navegar per la nostra p\u00e0gina web. Per aix\u00f2, hem adoptat criteris per aconseguir una major accessibilitat de la nostra p\u00e0gina web basats en les directrius WCAG\/WAI fixades pel World Wide Web Consortium (W3C),...\" \/>\n<meta property=\"og:url\" content=\"https:\/\/onsedi.com\/declaracion-accesibilidad\/\" \/>\n<meta property=\"og:site_name\" content=\"onSedi\" \/>\n<meta property=\"article:modified_time\" content=\"2026-05-01T09:48:12+00:00\" \/>\n<meta name=\"twitter:card\" content=\"summary_large_image\" \/>\n<meta name=\"twitter:label1\" content=\"Temps estimat de lectura\" \/>\n\t<meta name=\"twitter:data1\" content=\"2 minuts\" \/>\n<script type=\"application\/ld+json\" class=\"yoast-schema-graph\">{\"@context\":\"https:\/\/schema.org\",\"@graph\":[{\"@type\":\"WebPage\",\"@id\":\"https:\/\/onsedi.com\/declaracion-accesibilidad\/\",\"url\":\"https:\/\/onsedi.com\/declaracion-accesibilidad\/\",\"name\":\"Declaraci\u00f3 accessibilitat - onSedi\",\"isPartOf\":{\"@id\":\"https:\/\/onsedi.com\/#website\"},\"datePublished\":\"2025-12-12T07:30:42+00:00\",\"dateModified\":\"2026-05-01T09:48:12+00:00\",\"breadcrumb\":{\"@id\":\"https:\/\/onsedi.com\/declaracion-accesibilidad\/#breadcrumb\"},\"inLanguage\":\"ca\",\"potentialAction\":[{\"@type\":\"ReadAction\",\"target\":[\"https:\/\/onsedi.com\/declaracion-accesibilidad\/\"]}]},{\"@type\":\"BreadcrumbList\",\"@id\":\"https:\/\/onsedi.com\/declaracion-accesibilidad\/#breadcrumb\",\"itemListElement\":[{\"@type\":\"ListItem\",\"position\":1,\"name\":\"Inici\",\"item\":\"https:\/\/onsedi.com\/\"},{\"@type\":\"ListItem\",\"position\":2,\"name\":\"Declaraci\u00f3 accessibilitat\"}]},{\"@type\":\"WebSite\",\"@id\":\"https:\/\/onsedi.com\/#website\",\"url\":\"https:\/\/onsedi.com\/\",\"name\":\"onSedi\",\"description\":\"\",\"publisher\":{\"@id\":\"https:\/\/onsedi.com\/#organization\"},\"potentialAction\":[{\"@type\":\"SearchAction\",\"target\":{\"@type\":\"EntryPoint\",\"urlTemplate\":\"https:\/\/onsedi.com\/?s={search_term_string}\"},\"query-input\":{\"@type\":\"PropertyValueSpecification\",\"valueRequired\":true,\"valueName\":\"search_term_string\"}}],\"inLanguage\":\"ca\"},{\"@type\":\"Organization\",\"@id\":\"https:\/\/onsedi.com\/#organization\",\"name\":\"onSedi\",\"url\":\"https:\/\/onsedi.com\/\",\"logo\":{\"@type\":\"ImageObject\",\"inLanguage\":\"ca\",\"@id\":\"https:\/\/onsedi.com\/#\/schema\/logo\/image\/\",\"url\":\"https:\/\/onsedi.com\/wp-content\/uploads\/2025\/12\/onsedi-logo.png\",\"contentUrl\":\"https:\/\/onsedi.com\/wp-content\/uploads\/2025\/12\/onsedi-logo.png\",\"width\":663,\"height\":190,\"caption\":\"onSedi\"},\"image\":{\"@id\":\"https:\/\/onsedi.com\/#\/schema\/logo\/image\/\"}}]}<\/script>\n<!-- \/ Yoast SEO plugin. -->","yoast_head_json":{"title":"Declaraci\u00f3 accessibilitat - onSedi","robots":{"index":"index","follow":"follow","max-snippet":"max-snippet:-1","max-image-preview":"max-image-preview:large","max-video-preview":"max-video-preview:-1"},"canonical":"https:\/\/onsedi.com\/declaracion-accesibilidad\/","og_locale":"ca_ES","og_type":"article","og_title":"Declaraci\u00f3 accessibilitat - onSedi","og_description":"La nostra entitat reconeix la import\u00e0ncia que totes les persones, amb independ\u00e8ncia de la seva capacitat, edat o la tecnologia utilitzada, puguin navegar per la nostra p\u00e0gina web. Per aix\u00f2, hem adoptat criteris per aconseguir una major accessibilitat de la nostra p\u00e0gina web basats en les directrius WCAG\/WAI fixades pel World Wide Web Consortium (W3C),...","og_url":"https:\/\/onsedi.com\/declaracion-accesibilidad\/","og_site_name":"onSedi","article_modified_time":"2026-05-01T09:48:12+00:00","twitter_card":"summary_large_image","twitter_misc":{"Temps estimat de lectura":"2 minuts"},"schema":{"@context":"https:\/\/schema.org","@graph":[{"@type":"WebPage","@id":"https:\/\/onsedi.com\/declaracion-accesibilidad\/","url":"https:\/\/onsedi.com\/declaracion-accesibilidad\/","name":"Declaraci\u00f3 accessibilitat - onSedi","isPartOf":{"@id":"https:\/\/onsedi.com\/#website"},"datePublished":"2025-12-12T07:30:42+00:00","dateModified":"2026-05-01T09:48:12+00:00","breadcrumb":{"@id":"https:\/\/onsedi.com\/declaracion-accesibilidad\/#breadcrumb"},"inLanguage":"ca","potentialAction":[{"@type":"ReadAction","target":["https:\/\/onsedi.com\/declaracion-accesibilidad\/"]}]},{"@type":"BreadcrumbList","@id":"https:\/\/onsedi.com\/declaracion-accesibilidad\/#breadcrumb","itemListElement":[{"@type":"ListItem","position":1,"name":"Inici","item":"https:\/\/onsedi.com\/"},{"@type":"ListItem","position":2,"name":"Declaraci\u00f3 accessibilitat"}]},{"@type":"WebSite","@id":"https:\/\/onsedi.com\/#website","url":"https:\/\/onsedi.com\/","name":"onSedi","description":"","publisher":{"@id":"https:\/\/onsedi.com\/#organization"},"potentialAction":[{"@type":"SearchAction","target":{"@type":"EntryPoint","urlTemplate":"https:\/\/onsedi.com\/?s={search_term_string}"},"query-input":{"@type":"PropertyValueSpecification","valueRequired":true,"valueName":"search_term_string"}}],"inLanguage":"ca"},{"@type":"Organization","@id":"https:\/\/onsedi.com\/#organization","name":"onSedi","url":"https:\/\/onsedi.com\/","logo":{"@type":"ImageObject","inLanguage":"ca","@id":"https:\/\/onsedi.com\/#\/schema\/logo\/image\/","url":"https:\/\/onsedi.com\/wp-content\/uploads\/2025\/12\/onsedi-logo.png","contentUrl":"https:\/\/onsedi.com\/wp-content\/uploads\/2025\/12\/onsedi-logo.png","width":663,"height":190,"caption":"onSedi"},"image":{"@id":"https:\/\/onsedi.com\/#\/schema\/logo\/image\/"}}]}},"_links":{"self":[{"href":"https:\/\/onsedi.com\/ca\/wp-json\/wp\/v2\/pages\/8678","targetHints":{"allow":["GET"]}}],"collection":[{"href":"https:\/\/onsedi.com\/ca\/wp-json\/wp\/v2\/pages"}],"about":[{"href":"https:\/\/onsedi.com\/ca\/wp-json\/wp\/v2\/types\/page"}],"author":[{"embeddable":true,"href":"https:\/\/onsedi.com\/ca\/wp-json\/wp\/v2\/users\/2"}],"replies":[{"embeddable":true,"href":"https:\/\/onsedi.com\/ca\/wp-json\/wp\/v2\/comments?post=8678"}],"version-history":[{"count":11,"href":"https:\/\/onsedi.com\/ca\/wp-json\/wp\/v2\/pages\/8678\/revisions"}],"predecessor-version":[{"id":9577,"href":"https:\/\/onsedi.com\/ca\/wp-json\/wp\/v2\/pages\/8678\/revisions\/9577"}],"wp:attachment":[{"href":"https:\/\/onsedi.com\/ca\/wp-json\/wp\/v2\/media?parent=8678"}],"curies":[{"name":"wp","href":"https:\/\/api.w.org\/{rel}","templated":true}]}}